{"id":3619,"date":"2025-07-09T14:55:35","date_gmt":"2025-07-09T14:55:35","guid":{"rendered":"https:\/\/flavorsnco.ch\/product\/geschenkset-h-de-leos-fruchtig-reif\/"},"modified":"2025-07-09T14:55:35","modified_gmt":"2025-07-09T14:55:35","slug":"geschenkset-h-de-leos-fruchtig-reif","status":"publish","type":"product","link":"https:\/\/devtoobeweb1.ch\/de\/produkt\/geschenkset-h-de-leos-fruchtig-reif\/","title":{"rendered":"Geschenkset H de Leos Fruchtig-Reif"},"content":{"rendered":"<h4>TERROIR<\/h4>\n<p>Ausschlie\u00dflich aus Fr\u00fcchten des Terroirs unserer Region stammend.<\/p>\n<h4>PRODUKTION<\/h4>\n<p><a href=\"https:\/\/flavorsnco.ch\/product-category\/huile-dolive\/\" target=\"_blank\" rel=\"noopener\">Das Oliven\u00f6l<\/a> wird mit den Teams von LEOS und der Beratung von Christine Cheylan hergestellt. Sp\u00e4ter in der Saison geerntet, werden die Oliven noch am selben Tag zur M\u00fchle transportiert, wo die \u201eTrituration\u201c und Abf\u00fcllung erfolgen. <\/p>\n<h4>OLIVENSORTEN<\/h4>\n<p>Haupts\u00e4chlich Aglandau und Salonenque.<\/p>\n<h4>VERKOSTUNGSNOTIZEN<\/h4>\n<p>Subtiler Geschmack mit aromatischer Intensit\u00e4t und einem sch\u00f6nen, langen Abgang \u201eim Gaumen\u201c. Es zeichnet sich durch eine Farbe und einen urspr\u00fcnglichen Geschmack von \u201eFruchtig-reif\u201c aus: eine hellgr\u00fcne Farbe mit gelben Reflexen und Aromen von Mandel, roten Fr\u00fcchten, reifen \u00c4pfeln und Blumen. <\/p>\n<h4>GASTRONOMISCHE EMPFEHLUNGEN<\/h4>\n<p>Die \u201efruchtig-reifen\u201c \u00d6le k\u00f6nnen sowohl roh als auch gekocht mit allen Arten von herzhaften und s\u00fc\u00dfen Gerichten verwendet werden. In Desserts kann man sie als Butterersatz verwenden. <\/p>\n<h4>Seit ihrer Einf\u00fchrung im Dezember 2019 hat das \u00d6l H DE LEOS FRUCHTIG-REIF 18 internationale Auszeichnungen oder Anerkennungen erhalten, darunter 5 Goldmedaillen.<\/h4>\n<p><img decoding=\"async\" class=\"alignnone size-medium wp-image-3189\" src=\"https:\/\/flavorsnco.ch\/wp-content\/uploads\/2025\/07\/Capture-decran-2025-07-09-a-12.32.27-300x138.png\" alt=\"\" width=\"300\" height=\"138\" srcset=\"https:\/\/devtoobeweb1.ch\/wp-content\/uploads\/2025\/07\/Capture-decran-2025-07-09-a-12.32.27-300x138.png 300w, https:\/\/devtoobeweb1.ch\/wp-content\/uploads\/2025\/07\/Capture-decran-2025-07-09-a-12.32.27-1024x472.png 1024w, https:\/\/devtoobeweb1.ch\/wp-content\/uploads\/2025\/07\/Capture-decran-2025-07-09-a-12.32.27-768x354.png 768w, https:\/\/devtoobeweb1.ch\/wp-content\/uploads\/2025\/07\/Capture-decran-2025-07-09-a-12.32.27-60x28.png 60w, https:\/\/devtoobeweb1.ch\/wp-content\/uploads\/2025\/07\/Capture-decran-2025-07-09-a-12.32.27-90x41.png 90w, https:\/\/devtoobeweb1.ch\/wp-content\/uploads\/2025\/07\/Capture-decran-2025-07-09-a-12.32.27-64x29.png 64w, https:\/\/devtoobeweb1.ch\/wp-content\/uploads\/2025\/07\/Capture-decran-2025-07-09-a-12.32.27.png 1094w\" sizes=\"(max-width: 300px) 100vw, 300px\" \/><\/p>\n","protected":false},"excerpt":{"rendered":"<p>&nbsp;<\/p>\n<p><strong>Geschenkset Oliven\u00f6l H DE LEOS FRUCHTIG-REIF nativ extra<\/strong><br \/>\nErh\u00e4ltlich in drei Gr\u00f6\u00dfen: 250 ml, 500 ml und 5 L<\/p>\n<p>ENTDECKEN SIE DIE AROMATISCHE SUBTILIT\u00c4T UND DEN EINZIGARTIGEN GESCHMACK EINES \u201eURSPR\u00dcNGLICH\u201c FRUCHTIG-REIFEN, GELIEBT VON GROSSEN K\u00d6CHEN.<\/p>\n<p>Wenn Sie native Oliven\u00f6le extra suchen, die eine gro\u00dfe aromatische Subtilit\u00e4t und die Milde eines echten fruchtig-reifen \u00d6ls (wenig bitter und wenig scharf) besitzen, dann ist dieses au\u00dfergew\u00f6hnliche native Oliven\u00f6l extra vom <a href=\"https:\/\/www.domainedeleos.com\/fr\/\" target=\"_blank\" rel=\"noopener\">Gut LEOS<\/a>, das Aromen von reifer Mandel und Fr\u00fcchten aufweist, genau das Richtige f\u00fcr Sie! Und Sie werden feststellen, dass es perfekt zum Geist der Exzellenz, der Authentizit\u00e4t und dem einzigartigen Charakter der LEOS-Produkte passt. <\/p>\n","protected":false},"featured_media":3240,"comment_status":"open","ping_status":"closed","template":"","meta":[],"product_brand":[100],"product_cat":[140],"product_tag":[],"class_list":{"0":"post-3619","1":"product","2":"type-product","3":"status-publish","4":"has-post-thumbnail","6":"product_brand-leos","7":"product_cat-olivenol","9":"first","10":"instock","11":"taxable","12":"shipping-taxable","13":"purchasable","14":"product-type-variable","15":"has-default-attributes"},"yoast_head":"<!-- This site is optimized with the Yoast SEO plugin v25.2 - https:\/\/yoast.com\/wordpress\/plugins\/seo\/ -->\n<title>Geschenkset Oliven\u00f6l fruchtig-reif | Flavors&amp;Co Genf Schweiz<\/title>\n<meta name=\"description\" content=\"Entdecken und verschenken Sie die aromatische Kraft und den einzigartigen Geschmack eines au\u00dfergew\u00f6hnlichen \u201eurspr\u00fcnglich\u201c fruchtig-reifen \u00d6ls vom Gut Leos. Jetzt kaufen!\" \/>\n<meta name=\"robots\" content=\"index, follow, max-snippet:-1, max-image-preview:large, max-video-preview:-1\" \/>\n<link rel=\"canonical\" href=\"https:\/\/devtoobeweb1.ch\/de\/produkt\/geschenkset-h-de-leos-fruchtig-reif\/\" \/>\n<meta property=\"og:locale\" content=\"de_DE\" \/>\n<meta property=\"og:type\" content=\"article\" \/>\n<meta property=\"og:title\" content=\"Geschenkset Oliven\u00f6l fruchtig-reif | Flavors&amp;Co Genf Schweiz\" \/>\n<meta property=\"og:description\" content=\"Entdecken und verschenken Sie die aromatische Kraft und den einzigartigen Geschmack eines au\u00dfergew\u00f6hnlichen \u201eurspr\u00fcnglich\u201c fruchtig-reifen \u00d6ls vom Gut Leos. Jetzt kaufen!\" \/>\n<meta property=\"og:url\" content=\"https:\/\/devtoobeweb1.ch\/de\/produkt\/geschenkset-h-de-leos-fruchtig-reif\/\" \/>\n<meta property=\"og:site_name\" content=\"Flavors &amp; Co\" \/>\n<meta property=\"og:image\" content=\"https:\/\/devtoobeweb1.ch\/wp-content\/uploads\/2025\/07\/Coffret-Cadeau-Huile-olive-fruite-mur.jpg\" \/>\n\t<meta property=\"og:image:width\" content=\"1000\" \/>\n\t<meta property=\"og:image:height\" content=\"1000\" \/>\n\t<meta property=\"og:image:type\" content=\"image\/jpeg\" \/>\n<meta name=\"twitter:card\" content=\"summary_large_image\" \/>\n<meta name=\"twitter:label1\" content=\"Gesch\u00e4tzte Lesezeit\" \/>\n\t<meta name=\"twitter:data1\" content=\"1\u00a0Minute\" \/>\n<script type=\"application\/ld+json\" class=\"yoast-schema-graph\">{\"@context\":\"https:\/\/schema.org\",\"@graph\":[{\"@type\":\"WebPage\",\"@id\":\"https:\/\/devtoobeweb1.ch\/de\/produkt\/geschenkset-h-de-leos-fruchtig-reif\/\",\"url\":\"https:\/\/devtoobeweb1.ch\/de\/produkt\/geschenkset-h-de-leos-fruchtig-reif\/\",\"name\":\"Geschenkset Oliven\u00f6l fruchtig-reif | Flavors&Co Genf Schweiz\",\"isPartOf\":{\"@id\":\"https:\/\/devtoobeweb1.ch\/de\/#website\"},\"primaryImageOfPage\":{\"@id\":\"https:\/\/devtoobeweb1.ch\/de\/produkt\/geschenkset-h-de-leos-fruchtig-reif\/#primaryimage\"},\"image\":{\"@id\":\"https:\/\/devtoobeweb1.ch\/de\/produkt\/geschenkset-h-de-leos-fruchtig-reif\/#primaryimage\"},\"thumbnailUrl\":\"https:\/\/devtoobeweb1.ch\/wp-content\/uploads\/2025\/07\/Coffret-Cadeau-Huile-olive-fruite-mur.jpg\",\"datePublished\":\"2025-07-09T14:55:35+00:00\",\"description\":\"Entdecken und verschenken Sie die aromatische Kraft und den einzigartigen Geschmack eines au\u00dfergew\u00f6hnlichen \u201eurspr\u00fcnglich\u201c fruchtig-reifen \u00d6ls vom Gut Leos. Jetzt kaufen!\",\"breadcrumb\":{\"@id\":\"https:\/\/devtoobeweb1.ch\/de\/produkt\/geschenkset-h-de-leos-fruchtig-reif\/#breadcrumb\"},\"inLanguage\":\"de\",\"potentialAction\":[{\"@type\":\"ReadAction\",\"target\":[\"https:\/\/devtoobeweb1.ch\/de\/produkt\/geschenkset-h-de-leos-fruchtig-reif\/\"]}]},{\"@type\":\"ImageObject\",\"inLanguage\":\"de\",\"@id\":\"https:\/\/devtoobeweb1.ch\/de\/produkt\/geschenkset-h-de-leos-fruchtig-reif\/#primaryimage\",\"url\":\"https:\/\/devtoobeweb1.ch\/wp-content\/uploads\/2025\/07\/Coffret-Cadeau-Huile-olive-fruite-mur.jpg\",\"contentUrl\":\"https:\/\/devtoobeweb1.ch\/wp-content\/uploads\/2025\/07\/Coffret-Cadeau-Huile-olive-fruite-mur.jpg\",\"width\":1000,\"height\":1000},{\"@type\":\"BreadcrumbList\",\"@id\":\"https:\/\/devtoobeweb1.ch\/de\/produkt\/geschenkset-h-de-leos-fruchtig-reif\/#breadcrumb\",\"itemListElement\":[{\"@type\":\"ListItem\",\"position\":1,\"name\":\"Startseite\",\"item\":\"https:\/\/devtoobeweb1.ch\/de\/\"},{\"@type\":\"ListItem\",\"position\":2,\"name\":\"Shop\",\"item\":\"https:\/\/devtoobeweb1.ch\/de\/shop\/\"},{\"@type\":\"ListItem\",\"position\":3,\"name\":\"Geschenkset H de Leos Fruchtig-Reif\"}]},{\"@type\":\"WebSite\",\"@id\":\"https:\/\/devtoobeweb1.ch\/de\/#website\",\"url\":\"https:\/\/devtoobeweb1.ch\/de\/\",\"name\":\"Flavors & Co\",\"description\":\"\",\"potentialAction\":[{\"@type\":\"SearchAction\",\"target\":{\"@type\":\"EntryPoint\",\"urlTemplate\":\"https:\/\/devtoobeweb1.ch\/de\/?s={search_term_string}\"},\"query-input\":{\"@type\":\"PropertyValueSpecification\",\"valueRequired\":true,\"valueName\":\"search_term_string\"}}],\"inLanguage\":\"de\"}]}<\/script>\n<!-- \/ Yoast SEO plugin. -->","yoast_head_json":{"title":"Geschenkset Oliven\u00f6l fruchtig-reif | Flavors&Co Genf Schweiz","description":"Entdecken und verschenken Sie die aromatische Kraft und den einzigartigen Geschmack eines au\u00dfergew\u00f6hnlichen \u201eurspr\u00fcnglich\u201c fruchtig-reifen \u00d6ls vom Gut Leos. Jetzt kaufen!","robots":{"index":"index","follow":"follow","max-snippet":"max-snippet:-1","max-image-preview":"max-image-preview:large","max-video-preview":"max-video-preview:-1"},"canonical":"https:\/\/devtoobeweb1.ch\/de\/produkt\/geschenkset-h-de-leos-fruchtig-reif\/","og_locale":"de_DE","og_type":"article","og_title":"Geschenkset Oliven\u00f6l fruchtig-reif | Flavors&Co Genf Schweiz","og_description":"Entdecken und verschenken Sie die aromatische Kraft und den einzigartigen Geschmack eines au\u00dfergew\u00f6hnlichen \u201eurspr\u00fcnglich\u201c fruchtig-reifen \u00d6ls vom Gut Leos. Jetzt kaufen!","og_url":"https:\/\/devtoobeweb1.ch\/de\/produkt\/geschenkset-h-de-leos-fruchtig-reif\/","og_site_name":"Flavors &amp; Co","og_image":[{"width":1000,"height":1000,"url":"https:\/\/devtoobeweb1.ch\/wp-content\/uploads\/2025\/07\/Coffret-Cadeau-Huile-olive-fruite-mur.jpg","type":"image\/jpeg"}],"twitter_card":"summary_large_image","twitter_misc":{"Gesch\u00e4tzte Lesezeit":"1\u00a0Minute"},"schema":{"@context":"https:\/\/schema.org","@graph":[{"@type":"WebPage","@id":"https:\/\/devtoobeweb1.ch\/de\/produkt\/geschenkset-h-de-leos-fruchtig-reif\/","url":"https:\/\/devtoobeweb1.ch\/de\/produkt\/geschenkset-h-de-leos-fruchtig-reif\/","name":"Geschenkset Oliven\u00f6l fruchtig-reif | Flavors&Co Genf Schweiz","isPartOf":{"@id":"https:\/\/devtoobeweb1.ch\/de\/#website"},"primaryImageOfPage":{"@id":"https:\/\/devtoobeweb1.ch\/de\/produkt\/geschenkset-h-de-leos-fruchtig-reif\/#primaryimage"},"image":{"@id":"https:\/\/devtoobeweb1.ch\/de\/produkt\/geschenkset-h-de-leos-fruchtig-reif\/#primaryimage"},"thumbnailUrl":"https:\/\/devtoobeweb1.ch\/wp-content\/uploads\/2025\/07\/Coffret-Cadeau-Huile-olive-fruite-mur.jpg","datePublished":"2025-07-09T14:55:35+00:00","description":"Entdecken und verschenken Sie die aromatische Kraft und den einzigartigen Geschmack eines au\u00dfergew\u00f6hnlichen \u201eurspr\u00fcnglich\u201c fruchtig-reifen \u00d6ls vom Gut Leos. Jetzt kaufen!","breadcrumb":{"@id":"https:\/\/devtoobeweb1.ch\/de\/produkt\/geschenkset-h-de-leos-fruchtig-reif\/#breadcrumb"},"inLanguage":"de","potentialAction":[{"@type":"ReadAction","target":["https:\/\/devtoobeweb1.ch\/de\/produkt\/geschenkset-h-de-leos-fruchtig-reif\/"]}]},{"@type":"ImageObject","inLanguage":"de","@id":"https:\/\/devtoobeweb1.ch\/de\/produkt\/geschenkset-h-de-leos-fruchtig-reif\/#primaryimage","url":"https:\/\/devtoobeweb1.ch\/wp-content\/uploads\/2025\/07\/Coffret-Cadeau-Huile-olive-fruite-mur.jpg","contentUrl":"https:\/\/devtoobeweb1.ch\/wp-content\/uploads\/2025\/07\/Coffret-Cadeau-Huile-olive-fruite-mur.jpg","width":1000,"height":1000},{"@type":"BreadcrumbList","@id":"https:\/\/devtoobeweb1.ch\/de\/produkt\/geschenkset-h-de-leos-fruchtig-reif\/#breadcrumb","itemListElement":[{"@type":"ListItem","position":1,"name":"Startseite","item":"https:\/\/devtoobeweb1.ch\/de\/"},{"@type":"ListItem","position":2,"name":"Shop","item":"https:\/\/devtoobeweb1.ch\/de\/shop\/"},{"@type":"ListItem","position":3,"name":"Geschenkset H de Leos Fruchtig-Reif"}]},{"@type":"WebSite","@id":"https:\/\/devtoobeweb1.ch\/de\/#website","url":"https:\/\/devtoobeweb1.ch\/de\/","name":"Flavors & Co","description":"","potentialAction":[{"@type":"SearchAction","target":{"@type":"EntryPoint","urlTemplate":"https:\/\/devtoobeweb1.ch\/de\/?s={search_term_string}"},"query-input":{"@type":"PropertyValueSpecification","valueRequired":true,"valueName":"search_term_string"}}],"inLanguage":"de"}]}},"jetpack_sharing_enabled":true,"_links":{"self":[{"href":"https:\/\/devtoobeweb1.ch\/de\/wp-json\/wp\/v2\/product\/3619","targetHints":{"allow":["GET"]}}],"collection":[{"href":"https:\/\/devtoobeweb1.ch\/de\/wp-json\/wp\/v2\/product"}],"about":[{"href":"https:\/\/devtoobeweb1.ch\/de\/wp-json\/wp\/v2\/types\/product"}],"replies":[{"embeddable":true,"href":"https:\/\/devtoobeweb1.ch\/de\/wp-json\/wp\/v2\/comments?post=3619"}],"version-history":[{"count":0,"href":"https:\/\/devtoobeweb1.ch\/de\/wp-json\/wp\/v2\/product\/3619\/revisions"}],"wp:featuredmedia":[{"embeddable":true,"href":"https:\/\/devtoobeweb1.ch\/de\/wp-json\/wp\/v2\/media\/3240"}],"wp:attachment":[{"href":"https:\/\/devtoobeweb1.ch\/de\/wp-json\/wp\/v2\/media?parent=3619"}],"wp:term":[{"taxonomy":"product_brand","embeddable":true,"href":"https:\/\/devtoobeweb1.ch\/de\/wp-json\/wp\/v2\/product_brand?post=3619"},{"taxonomy":"product_cat","embeddable":true,"href":"https:\/\/devtoobeweb1.ch\/de\/wp-json\/wp\/v2\/product_cat?post=3619"},{"taxonomy":"product_tag","embeddable":true,"href":"https:\/\/devtoobeweb1.ch\/de\/wp-json\/wp\/v2\/product_tag?post=3619"}],"curies":[{"name":"wp","href":"https:\/\/api.w.org\/{rel}","templated":true}]}}